{"id":900,"date":"2023-03-06T06:51:02","date_gmt":"2023-03-06T06:51:02","guid":{"rendered":"https:\/\/webdev.wordpress-developer.us\/new-creature-in-christ\/terms-and-conditions\/"},"modified":"2024-06-18T06:56:34","modified_gmt":"2024-06-18T06:56:34","slug":"terminos-y-condiciones","status":"publish","type":"page","link":"https:\/\/nouvellecreature.org\/es\/terminos-y-condiciones\/","title":{"rendered":"T\u00c9RMINOS Y CONDICIONES"},"content":{"rendered":"<p>El Sitio es propiedad y est\u00e1 controlado por Nouvelle Cr\u00e9ature en Christ y Amani Jet&#8217;aime ministries. Al utilizar nuestro sitio web, usted acepta nuestros t\u00e9rminos y condiciones de uso, que rigen su acceso y uso de cualquiera de los sitios web o aplicaciones m\u00f3viles de nuestro ministerio, incluyendo cualquier contenido, formularios, funcionalidad y servicios ofrecidos en o a trav\u00e9s de nuestro sitio y aplicaciones. Si no desea aceptar estas condiciones de uso, no debe acceder ni utilizar nuestros sitios web.<\/p>\n","protected":false},"excerpt":{"rendered":"<p>El Sitio es propiedad y est\u00e1 controlado por Nouvelle Cr\u00e9ature en Christ y Amani Jet&#8217;aime ministries. Al utilizar nuestro sitio web, usted acepta nuestros t\u00e9rminos y condiciones de uso, que [&hellip;]<\/p>\n","protected":false},"author":1,"featured_media":2382,"parent":0,"menu_order":0,"comment_status":"closed","ping_status":"closed","template":"page-template\/term-condition.php","meta":{"_acf_changed":false,"om_disable_all_campaigns":false,"_monsterinsights_skip_tracking":false,"_monsterinsights_sitenote_active":false,"_monsterinsights_sitenote_note":"","_monsterinsights_sitenote_category":0,"footnotes":""},"class_list":["post-900","page","type-page","status-publish","has-post-thumbnail","hentry"],"acf":[],"aioseo_notices":[],"_links":{"self":[{"href":"https:\/\/nouvellecreature.org\/es\/wp-json\/wp\/v2\/pages\/900","targetHints":{"allow":["GET"]}}],"collection":[{"href":"https:\/\/nouvellecreature.org\/es\/wp-json\/wp\/v2\/pages"}],"about":[{"href":"https:\/\/nouvellecreature.org\/es\/wp-json\/wp\/v2\/types\/page"}],"author":[{"embeddable":true,"href":"https:\/\/nouvellecreature.org\/es\/wp-json\/wp\/v2\/users\/1"}],"replies":[{"embeddable":true,"href":"https:\/\/nouvellecreature.org\/es\/wp-json\/wp\/v2\/comments?post=900"}],"version-history":[{"count":1,"href":"https:\/\/nouvellecreature.org\/es\/wp-json\/wp\/v2\/pages\/900\/revisions"}],"predecessor-version":[{"id":2752,"href":"https:\/\/nouvellecreature.org\/es\/wp-json\/wp\/v2\/pages\/900\/revisions\/2752"}],"wp:featuredmedia":[{"embeddable":true,"href":"https:\/\/nouvellecreature.org\/es\/wp-json\/wp\/v2\/media\/2382"}],"wp:attachment":[{"href":"https:\/\/nouvellecreature.org\/es\/wp-json\/wp\/v2\/media?parent=900"}],"curies":[{"name":"wp","href":"https:\/\/api.w.org\/{rel}","templated":true}]}}