{"id":856,"date":"2023-03-06T06:49:51","date_gmt":"2023-03-06T06:49:51","guid":{"rendered":"https:\/\/webdev.wordpress-developer.us\/new-creature-in-christ\/cookies\/"},"modified":"2024-06-19T07:23:43","modified_gmt":"2024-06-19T07:23:43","slug":"cookies","status":"publish","type":"page","link":"https:\/\/nouvellecreature.org\/es\/cookies\/","title":{"rendered":"Cookies"},"content":{"rendered":"<h3>Pol\u00edtica de cookies.<\/h3>\n<p>Nuestro sitio web utiliza cookies para mejorar su experiencia en l\u00ednea en nuestro sitio web. Es importante tener en cuenta que las cookies son fragmentos de informaci\u00f3n que los sitios web transfieren a un ordenador que navega por el sitio web. Si contin\u00faa utilizando nuestro sitio web, asumimos que acepta el uso de cookies y otros rastreadores por parte de Nouvelle Cr\u00e9ature en Christ.<\/p>\n<h3>C\u00d3MO UTILIZA nouvelle Cr\u00e9ature en CHRIST LAS COOKIES?<\/h3>\n<p>Utilizamos cookies para facilitar la navegaci\u00f3n por la web habilitando determinadas funciones, como guardar su nombre, n\u00famero de tel\u00e9fono, direcci\u00f3n de correo electr\u00f3nico, direcci\u00f3n residencial y sitio web. Las cookies se le asignan a usted de forma exclusiva y s\u00f3lo pueden ser vistas por un servidor web del dominio que emiti\u00f3 la cookie concreta para usted. El prop\u00f3sito principal de las cookies es proporcionar una funci\u00f3n conveniente para ahorrarle tiempo y aumentar la productividad. Adem\u00e1s, una cooky notifica a nuestro sitio web que usted ha vuelto a una p\u00e1gina concreta. Por ejemplo, cuando se registra en los materiales o servicios del sitio web, una cookie permite a nuestro sitio web recordar su informaci\u00f3n espec\u00edfica en visitas posteriores. A continuaci\u00f3n, notifica a nuestro sitio web que usted ha regresado a una p\u00e1gina en particular. Adem\u00e1s, permite al sitio web Nueva Criatura en Cristo distribuir mensajes y documentos m\u00e1s espec\u00edficos a sus intereses. Cuando vuelva a nuestro sitio web, podremos recuperar los datos que nos proporcion\u00f3 anteriormente para que pueda utilizar las funciones personalizadas de nuestro sitio web con gran facilidad.<\/p>\n<h3>Para aceptar o rechazar las cookies<\/h3>\n<p>Usted tiene derecho a aceptar o rechazar las cookies. Algunos navegadores web pueden aceptar cookies autom\u00e1ticamente, pero normalmente puede cambiar la configuraci\u00f3n de su navegador web para rechazar las cookies si as\u00ed lo desea.<br \/>\nCuando tenga una cuenta e inicie sesi\u00f3n en nuestro sitio web, emitiremos una cookie de sesi\u00f3n para comprobar si su navegador web admite cookies. Esta cookie temporal no contendr\u00e1 ninguna informaci\u00f3n sobre usted y se borrar\u00e1 cuando salga de su navegador.<br \/>\nSu navegador web est\u00e1 dise\u00f1ado para informarle cada vez que se emite una cookie, de modo que pueda decidir si desea desactivar todas las cookies. Estas opciones pueden actualizarse a trav\u00e9s de la configuraci\u00f3n de su navegador. Cada navegador es \u00fanico, as\u00ed que consulte el men\u00fa de ayuda de su navegador para saber c\u00f3mo cambiar las cookies.<\/p>\n<p>Es importante se\u00f1alar que si decide rechazar las cookies, es posible que no pueda utilizar plenamente muchas de las funciones interactivas de nuestro sitio web y nuestros servicios.<\/p>\n<h3>CAMBIOS A ESTA DECLARACI\u00d3N<\/h3>\n<p>Nouvelle Cr\u00e9ature en Christ se reserva el derecho de actualizar o modificar, en cualquier momento y sin previo aviso, la presente pol\u00edtica sobre cookies con el fin de adaptarla a las exigencias de la organizaci\u00f3n. Le animamos a que revise peri\u00f3dicamente esta declaraci\u00f3n para estar informado de c\u00f3mo utilizamos las cookies. Cuando se produzca un cambio de este tipo, nuestro equipo actualizar\u00e1 la fecha de copyright al final de este sitio web.<\/p>\n","protected":false},"excerpt":{"rendered":"<p>Pol\u00edtica de cookies. Nuestro sitio web utiliza cookies para mejorar su experiencia en l\u00ednea en nuestro sitio web. Es importante tener en cuenta que las cookies son fragmentos de informaci\u00f3n [&hellip;]<\/p>\n","protected":false},"author":1,"featured_media":0,"parent":0,"menu_order":0,"comment_status":"closed","ping_status":"closed","template":"","meta":{"_acf_changed":false,"om_disable_all_campaigns":false,"_monsterinsights_skip_tracking":false,"_monsterinsights_sitenote_active":false,"_monsterinsights_sitenote_note":"","_monsterinsights_sitenote_category":0,"footnotes":""},"class_list":["post-856","page","type-page","status-publish","hentry"],"acf":[],"aioseo_notices":[],"_links":{"self":[{"href":"https:\/\/nouvellecreature.org\/es\/wp-json\/wp\/v2\/pages\/856","targetHints":{"allow":["GET"]}}],"collection":[{"href":"https:\/\/nouvellecreature.org\/es\/wp-json\/wp\/v2\/pages"}],"about":[{"href":"https:\/\/nouvellecreature.org\/es\/wp-json\/wp\/v2\/types\/page"}],"author":[{"embeddable":true,"href":"https:\/\/nouvellecreature.org\/es\/wp-json\/wp\/v2\/users\/1"}],"replies":[{"embeddable":true,"href":"https:\/\/nouvellecreature.org\/es\/wp-json\/wp\/v2\/comments?post=856"}],"version-history":[{"count":1,"href":"https:\/\/nouvellecreature.org\/es\/wp-json\/wp\/v2\/pages\/856\/revisions"}],"predecessor-version":[{"id":2797,"href":"https:\/\/nouvellecreature.org\/es\/wp-json\/wp\/v2\/pages\/856\/revisions\/2797"}],"wp:attachment":[{"href":"https:\/\/nouvellecreature.org\/es\/wp-json\/wp\/v2\/media?parent=856"}],"curies":[{"name":"wp","href":"https:\/\/api.w.org\/{rel}","templated":true}]}}